{"id":71,"date":"2021-01-15T22:00:46","date_gmt":"2021-01-15T21:00:46","guid":{"rendered":"http:\/\/adam-svatby.cz\/?page_id=71"},"modified":"2024-06-05T20:52:53","modified_gmt":"2024-06-05T19:52:53","slug":"svatebni-salon-adam","status":"publish","type":"page","link":"http:\/\/adam-svatby.cz\/","title":{"rendered":"SVATEBN\u00cd SALON ADAM"},"content":{"rendered":"<section class=\"cata-section cata-section-container-stretch\" id=\"section_x4s3eayha4\" style=\"\" ><div class=\"cata-container\"><div class=\"cata-row cata-columns-gap-30\"><div class=\"cata-column wpb_column vc_column_container  col-xs-mobile-fullwidth col-sm-12\"  id=\"column_3n2vq255yr\" style=\"\"><div class=\"cata-column-wrapper vc-column-innner-wrapper\" style=\"\">[vc_images_carousel images=&#8220;94,95,96&#8243; img_size=&#8220;1656 x 630&#8243; speed=&#8220;4000&#8243; autoplay=&#8220;yes&#8220; wrap=&#8220;yes&#8220;]<\/div><\/div><\/div><\/div><\/section><section class=\"cata-section cata-section-container-stretch\" id=\"section_nsalgs1ov2\" style=\"\" ><div class=\"cata-container\"><div class=\"cata-row cata-columns-gap-30\"><div class=\"cata-column wpb_column vc_column_container  col-xs-mobile-fullwidth col-sm-12\"  id=\"column_2n90a4h2qy\" style=\"\"><div class=\"cata-column-wrapper vc-column-innner-wrapper\" style=\"\">[vc_column_text]\n<p style=\"text-align: center;\"><span style=\"text-decoration: underline;\"><strong>V\u0161e pro V\u00e1\u0161 nejkr\u00e1sn\u011bj\u0161\u00ed den!<\/strong><\/span><\/p>\n<p style=\"text-align: center;\">Svatebn\u00ed salon Adam &#8211; jsme rodinn\u00fd svatebn\u00ed salon s dlouholetou tradic\u00ed.<\/p>\n<p style=\"text-align: center;\">Nab\u00edz\u00edme p\u016fj\u010dov\u00e1n\u00ed a prodej svatebn\u00edch i spole\u010densk\u00fdch \u0161at\u016f a v\u0161e co se svatbou souvis\u00ed.<\/p>\n<p style=\"text-align: center;\">N\u00e1\u0161 salon p\u016fsob\u00ed v jednom z nejkr\u00e1sn\u011bj\u0161\u00edch m\u011bst na jihu \u010cech.<\/p>\n<p style=\"text-align: center;\">Kr\u00e1lovsk\u00e9 m\u011bsto P\u00edsek je jako stvo\u0159en\u00e9 pro Va\u0161i svatbu.<\/p>\n<p style=\"text-align: center;\">Spln\u00edme Va\u0161e svatebn\u00ed p\u0159edstavy a sny &#8211; nic nen\u00ed nemo\u017en\u00e9.<\/p>\n<p style=\"text-align: center;\">Jsme tu pro V\u00e1s a Va\u0161i svatbu.<\/p>\n<p style=\"text-align: center;\">Man\u017eel\u00e9 Kar\u00e1skovi<\/p>\n[\/vc_column_text][vc_column_text][\/vc_column_text]<\/div><\/div><\/div><\/div><\/section><section class=\"cata-section cata-section-container-stretch\" id=\"section_1awnpk28iq\" style=\"\" ><div class=\"cata-container\"><div class=\"cata-row cata-columns-gap-30\"><div class=\"cata-column wpb_column vc_column_container  col-xs-mobile-fullwidth col-sm-12\"  id=\"column_pt8bslly41\" style=\"\"><div class=\"cata-column-wrapper vc-column-innner-wrapper\" style=\"\"><\/div><\/div><\/div><\/div><\/section>\n","protected":false},"excerpt":{"rendered":"[vc_images_carousel images=\"94,95,96\" img_size=\"1656 x 630\" speed=\"4000\" autoplay=\"yes\" wrap=\"yes\"][vc_column_text] V\u0161e pro V\u00e1\u0161 nejkr\u00e1sn\u011bj\u0161\u00ed den! Svatebn\u00ed salon Adam - jsme rodinn\u00fd svatebn\u00ed salon s dlouholetou tradic\u00ed. Nab\u00edz\u00edme p\u016fj\u010dov\u00e1n\u00ed a prodej svatebn\u00edch i spole\u010densk\u00fdch \u0161at\u016f a v\u0161e co [...]","protected":false},"author":1,"featured_media":0,"parent":0,"menu_order":0,"comment_status":"closed","ping_status":"closed","template":"","meta":[],"_links":{"self":[{"href":"http:\/\/adam-svatby.cz\/index.php\/wp-json\/wp\/v2\/pages\/71"}],"collection":[{"href":"http:\/\/adam-svatby.cz\/index.php\/wp-json\/wp\/v2\/pages"}],"about":[{"href":"http:\/\/adam-svatby.cz\/index.php\/wp-json\/wp\/v2\/types\/page"}],"author":[{"embeddable":true,"href":"http:\/\/adam-svatby.cz\/index.php\/wp-json\/wp\/v2\/users\/1"}],"replies":[{"embeddable":true,"href":"http:\/\/adam-svatby.cz\/index.php\/wp-json\/wp\/v2\/comments?post=71"}],"version-history":[{"count":52,"href":"http:\/\/adam-svatby.cz\/index.php\/wp-json\/wp\/v2\/pages\/71\/revisions"}],"predecessor-version":[{"id":966,"href":"http:\/\/adam-svatby.cz\/index.php\/wp-json\/wp\/v2\/pages\/71\/revisions\/966"}],"wp:attachment":[{"href":"http:\/\/adam-svatby.cz\/index.php\/wp-json\/wp\/v2\/media?parent=71"}],"curies":[{"name":"wp","href":"https:\/\/api.w.org\/{rel}","templated":true}]}}